{"id":917,"date":"2025-08-26T14:00:21","date_gmt":"2025-08-26T12:00:21","guid":{"rendered":"https:\/\/wp.icasamici.com\/?page_id=917"},"modified":"2025-10-30T19:43:16","modified_gmt":"2025-10-30T18:43:16","slug":"news","status":"publish","type":"page","link":"https:\/\/www.icasamici.com\/en\/news\/","title":{"rendered":"i Casamici News"},"content":{"rendered":"<div data-elementor-type=\"wp-page\" data-elementor-id=\"917\" class=\"elementor elementor-917\" data-elementor-post-type=\"page\">\n\t\t\t\t\t\t<section class=\"elementor-section elementor-top-section elementor-element elementor-element-5f42ea44 elementor-section-boxed elementor-section-height-default elementor-section-height-default\" data-id=\"5f42ea44\" data-element_type=\"section\" data-settings=\"{&quot;background_background&quot;:&quot;classic&quot;}\">\n\t\t\t\t\t\t\t<div class=\"elementor-background-overlay\"><\/div>\n\t\t\t\t\t\t\t<div class=\"elementor-container elementor-column-gap-default\">\n\t\t\t\t\t<div class=\"elementor-column elementor-col-100 elementor-top-column elementor-element elementor-element-4a3bbf91\" data-id=\"4a3bbf91\" data-element_type=\"column\">\n\t\t\t<div class=\"elementor-widget-wrap elementor-element-populated\">\n\t\t\t\t\t\t<div class=\"elementor-element elementor-element-36693624 elementor-widget elementor-widget-heading\" data-id=\"36693624\" data-element_type=\"widget\" data-widget_type=\"heading.default\">\n\t\t\t\t\t<h4 class=\"elementor-heading-title elementor-size-default\">i Casamici News<\/h4>\t\t\t\t<\/div>\n\t\t\t\t\t<\/div>\n\t\t<\/div>\n\t\t\t\t\t<\/div>\n\t\t<\/section>\n\t\t\t\t<section class=\"elementor-section elementor-top-section elementor-element elementor-element-be7da68 elementor-section-boxed elementor-section-height-default elementor-section-height-default\" data-id=\"be7da68\" data-element_type=\"section\">\n\t\t\t\t\t\t<div class=\"elementor-container elementor-column-gap-default\">\n\t\t\t\t\t<div class=\"elementor-column elementor-col-100 elementor-top-column elementor-element elementor-element-f9a87fb\" data-id=\"f9a87fb\" data-element_type=\"column\">\n\t\t\t<div class=\"elementor-widget-wrap elementor-element-populated\">\n\t\t\t\t\t\t<section class=\"elementor-section elementor-inner-section elementor-element elementor-element-5efd403 elementor-section-boxed elementor-section-height-default elementor-section-height-default\" data-id=\"5efd403\" data-element_type=\"section\">\n\t\t\t\t\t\t<div class=\"elementor-container elementor-column-gap-default\">\n\t\t\t\t\t<div class=\"elementor-column elementor-col-100 elementor-inner-column elementor-element elementor-element-f779dea\" data-id=\"f779dea\" data-element_type=\"column\">\n\t\t\t<div class=\"elementor-widget-wrap elementor-element-populated\">\n\t\t\t\t\t\t<div class=\"elementor-element elementor-element-e4b8a29 elementor-invisible elementor-widget elementor-widget-heading\" data-id=\"e4b8a29\" data-element_type=\"widget\" data-settings=\"{&quot;_animation&quot;:&quot;fadeInUp&quot;}\" data-widget_type=\"heading.default\">\n\t\t\t\t\t<h6 class=\"elementor-heading-title elementor-size-default\">Updates &amp; Inspirations<\/h6>\t\t\t\t<\/div>\n\t\t\t\t<div class=\"elementor-element elementor-element-8b25433 elementor-invisible elementor-widget elementor-widget-heading\" data-id=\"8b25433\" data-element_type=\"widget\" data-settings=\"{&quot;_animation&quot;:&quot;fadeInUp&quot;}\" data-widget_type=\"heading.default\">\n\t\t\t\t\t<h3 class=\"elementor-heading-title elementor-size-default\">Our news, events, and tips<\/h3>\t\t\t\t<\/div>\n\t\t\t\t<div class=\"elementor-element elementor-element-9fcab1e elementor-invisible elementor-widget elementor-widget-text-editor\" data-id=\"9fcab1e\" data-element_type=\"widget\" data-settings=\"{&quot;_animation&quot;:&quot;fadeInUp&quot;}\" data-widget_type=\"text-editor.default\">\n\t\t\t\t\t\t\t\t\t<p data-start=\"723\" data-end=\"1028\">In this section, you\u2019ll find updates on trade fairs, new products, practical tips, and all the latest news from the ICASAMICI world \u2014 a meeting point between innovation, sustainability, and everyday life.<\/p>\t\t\t\t\t\t\t\t<\/div>\n\t\t\t\t\t<\/div>\n\t\t<\/div>\n\t\t\t\t\t<\/div>\n\t\t<\/section>\n\t\t\t\t\t<\/div>\n\t\t<\/div>\n\t\t\t\t\t<\/div>\n\t\t<\/section>\n\t\t\t\t<section class=\"elementor-section elementor-top-section elementor-element elementor-element-688f50c3 elementor-section-boxed elementor-section-height-default elementor-section-height-default\" data-id=\"688f50c3\" data-element_type=\"section\">\n\t\t\t\t\t\t<div class=\"elementor-container elementor-column-gap-default\">\n\t\t\t\t\t<div class=\"elementor-column elementor-col-100 elementor-top-column elementor-element elementor-element-2243da08\" data-id=\"2243da08\" data-element_type=\"column\">\n\t\t\t<div class=\"elementor-widget-wrap elementor-element-populated\">\n\t\t\t\t\t\t<section class=\"elementor-section elementor-inner-section elementor-element elementor-element-1ffc021 elementor-section-boxed elementor-section-height-default elementor-section-height-default elementor-invisible\" data-id=\"1ffc021\" data-element_type=\"section\" data-settings=\"{&quot;animation&quot;:&quot;fadeInUp&quot;}\">\n\t\t\t\t\t\t<div class=\"elementor-container elementor-column-gap-default\">\n\t\t\t\t\t<div class=\"elementor-column elementor-col-100 elementor-inner-column elementor-element elementor-element-b88d976\" data-id=\"b88d976\" data-element_type=\"column\">\n\t\t\t<div class=\"elementor-widget-wrap elementor-element-populated\">\n\t\t\t\t\t\t<div class=\"elementor-element elementor-element-de8870a elementor-widget elementor-widget-tfposts\" data-id=\"de8870a\" data-element_type=\"widget\" data-widget_type=\"tfposts.default\">\n\t\t\t\t<div class=\"elementor-widget-container\">\n\t\t\t\t\t\t\t<div id=\"tf-posts-de8870a\" class=\"tf-posts-de8870a tf-posts-wrap column-3 tablet-column-2 mobile-column-1  no-arrow no-bullets grid-styles-default featured-post-top\" data-tabid=\"de8870a\" data-class_id=\"tf-posts-de8870a\" data-loop=\"\" data-auto=\"\" data-column=\"\" data-column2=\"\" data-column3=\"\" data-spacer=\"\" data-prev_icon=\"\" data-next_icon=\"\" >\t\t\t\r\n\t\t\t<div class=\"tf-posts  grid\">\r\n\t\t\t\t\t\t\t\t\t\t\r\n\t\t\t\t\t\t\t\t<div class=\"column\">\r\n\t\t\t\t\t<div class=\"entry blog-post\">\r\n\t\t\t\t\t\t\t\t\t\t\t\t\t\t\t\t\t\t\t\t\t\t\t\t\t\t\t<div class=\"featured-post\">\r\n\t\t\t\t\t\t\t\t\t\t\t\t<img decoding=\"async\" src=\"https:\/\/www.icasamici.com\/wp-content\/uploads\/2025\/11\/marco_bianchi_fiera_host_2015_icasamici-1024x576.webp\" alt=\"image\">\t\t\t\t\t\t\t\t\t\t\t\t\t\t\t\t\t\t\t\t\t\t\t\t<a href=\"https:\/\/www.icasamici.com\/en\/host-milano-2025\/\" class=\"overlay\">\r\n\t\t\t\t\t\t\t\t\t\t\t\t\t<i class=\"\" aria-hidden=\"true\"><\/i>\t\t\t\t\t\t\t\t\t\t\t\t<\/a>\r\n\t\t\t\t\t\t\t\t\t\t\t\t\t\t\t\t\t\t\t\t\t\r\n\t\t\t\t\t\t\t\t\t\t\t<\/div>\r\n\t\t\t\t\t\t\t\t\t\t\t\t\t\t\t\t\t\t\t\t\t\t\t<div class=\"box-time\">\r\n\t\t\t\t\t\t\t\t\t\t\t\t\t\t\t\t\t\t\t\t\t\t\t\t\t\t<a href=\"https:\/\/www.icasamici.com\/en\/2025\/11\/05\/\">\r\n\t\t\t\t\t\t\t\t\t\t\t\t\t\t<span class=\"day\">05<\/span>\r\n\t\t\t\t\t\t\t\t\t\t\t\t\t\t<span class=\"month\">Nov<\/span>\r\n\t\t\t\t\t\t\t\t\t\t\t\t\t<\/a>\r\n\t\t\t\t\t\t\t\t\t\t\t\t<\/div>\r\n\t\t\t\t\t\t\t\t\t\t\t\t\t\t\t\t\t\t\t\t\t\t\r\n\t\t\t\t\t\t\t\t\t\t\t\t\t\t\t\t\t\t\t\t\t\t\t\t\t\t\t\t<div class=\"content\">\r\n\t\t\t\t\t\t\t\t\t\t\t\t\t\t\t\t\t\t\t\t\t\t\t\t\t\t\t\t\t\t\t\t\t<ul class=\"post-meta\">\r\n\t\t\t\t\t\t\t\t\t\t\t\t\t\t\t\t\t\t\t\t\t\t\t\t\t\t<li class=\"post-author\">\r\n\t\t\t\t\t\t\t\t\t\t\t\t\t\t<i class=\"far fa-user\" aria-hidden=\"true\"><\/i>\t\t\t\t\t\t\t\t\t\t\t\t\t\t<a href=\"https:\/\/www.icasamici.com\/en\/author\/admin-icasamici\/\">Nicola Sorrentino<\/a>\r\n\t\t\t\t\t\t\t\t\t\t\t\t\t<\/li>\r\n\t\t\t\t\t\t\t\t\t\t\t\t\t\r\n\t\t\t\t\t\t\t\t\t\t\t\t\t\r\n\t\t\t\t\t\t\t\t\t\t\t\t\t\t\t\t\t\t\t\t\t\t\t\t\t\t<li class=\"post-date\">\r\n\t\t\t\t\t\t\t\t\t\t\t\t\t\t\t\t\t\t\t\t\t\t\t\t\t\t\t\t<i class=\"far fa-calendar-alt\" aria-hidden=\"true\"><\/i>\t\t\t\t\t\t\t\t\t\t\t\t\t\t<a href=\"https:\/\/www.icasamici.com\/en\/2025\/11\/05\/\">5 November 2025<\/a>\r\n\r\n\t\t\t\t\t\t\t\t\t\t\t\t\t<\/li>\t\t\t\t\t\t\t\t\t\t\r\n\t\t\t\t\t\t\t\t\t\t\t\t\t\r\n\t\t\t\t\t\t\t\t\t\t\t\t\t\t\t\t\t\t\t\t\t\t\t\t\t<\/ul>\r\n\t\t\t\t\t\t\t\t\t\t\t\t\t\t\t\t\t\r\n\t\t\t\t\t\t\t\t\t\t\r\n\t\t\t\t\t\t\t\t\t\t\t\t\t\t\t\t\t\t\t\t\t<h2 class=\"title\"><a href=\"https:\/\/www.icasamici.com\/en\/host-milano-2025\/\" title=\"A Great Success at HOST Milano 2025!\">A Great Success at HOST Milano 2025!<\/a><\/h2>\r\n\t\t\t\t\t\t\t\t\t\t\r\n\t\t\t\t\t\t\t\t\t\t\t\t\t\t\t\t\t\t\t\t\t\t\t\t\t\t\t\r\n\t\t\t\t\t\t\t\t\t\t\r\n\t\t\t\t\t\t\t\t\t\t\r\n\t\t\t\t\t\t\t\t\t\t\t\t\t\t\t\t\t\t\t\t\t<div class=\"content-post\">Icasamici News Un grande successo a HOST Milano 2025! Nicola Sorrentino Novembre 5, 2025 Eventi \u2022 Fiere \u2022 ICASAMICI Italia Si \u00e8 appena conclusa un\u2019edizione straordinaria di HOST Milano 2025,&hellip;<\/div>\r\n\t\t\t\t\t\t\t\t\t\t\t\t\t\t\t\t\t\t\t\t\r\n\t\t\t\t\t\t\t\t\t\t\t\t\t\t\t\t\t\t\t\t\t<div class=\"tf-button-container\">\r\n\t\t\t\t\t\t\t\t\t\t\t\t<a href=\"https:\/\/www.icasamici.com\/en\/host-milano-2025\/\" class=\"tf-button bt_icon_after\">\r\n\t\t\t\t\t\t\t\t\t\t\t\t\tRead More<i class=\"fas fa-arrow-right\" aria-hidden=\"true\"><\/i> \r\n\t\t\t\t\t\t\t\t\t\t\t\t<\/a>\r\n\t\t\t\t\t\t\t\t\t\t\t<\/div>\r\n\t\t\t\t\t\t\t\t\t\t\t\t\t\t\t\t\r\n\t\t\t\t\t\t\t\t\t<\/div>\r\n\t\t\t\t\t\t\t\t\t\t\t\t\t\t\t\t\r\n\t\t\t\t\t<\/div>\r\n\t\t\t\t<\/div>\r\n\t\t\t\t\t\t\t\t<div class=\"column\">\r\n\t\t\t\t\t<div class=\"entry blog-post\">\r\n\t\t\t\t\t\t\t\t\t\t\t\t\t\t\t\t\t\t\t\t\t\t\t\t\t\t\t<div class=\"featured-post\">\r\n\t\t\t\t\t\t\t\t\t\t\t\t<img decoding=\"async\" src=\"https:\/\/www.icasamici.com\/wp-content\/uploads\/2025\/10\/manifesto-friggitrice-1024x683.png\" alt=\"image\">\t\t\t\t\t\t\t\t\t\t\t\t\t\t\t\t\t\t\t\t\t\t\t\t<a href=\"https:\/\/www.icasamici.com\/en\/e-%f0%9d%97%94%f0%9d%97%a5%f0%9d%97%a5%f0%9d%97%9c%f0%9d%97%a9%f0%9d%97%94%f0%9d%97%a7%f0%9d%97%94-%f0%9d%97%9f%f0%9d%97%94-%f0%9d%97%9f%f0%9d%97%98%f0%9d%97%9a%f0%9d%97%9a%f0%9d%97%98%f0%9d%97%a1\/\" class=\"overlay\">\r\n\t\t\t\t\t\t\t\t\t\t\t\t\t<i class=\"\" aria-hidden=\"true\"><\/i>\t\t\t\t\t\t\t\t\t\t\t\t<\/a>\r\n\t\t\t\t\t\t\t\t\t\t\t\t\t\t\t\t\t\t\t\t\t\r\n\t\t\t\t\t\t\t\t\t\t\t<\/div>\r\n\t\t\t\t\t\t\t\t\t\t\t\t\t\t\t\t\t\t\t\t\t\t\t<div class=\"box-time\">\r\n\t\t\t\t\t\t\t\t\t\t\t\t\t\t\t\t\t\t\t\t\t\t\t\t\t\t<a href=\"https:\/\/www.icasamici.com\/en\/2025\/10\/30\/\">\r\n\t\t\t\t\t\t\t\t\t\t\t\t\t\t<span class=\"day\">30<\/span>\r\n\t\t\t\t\t\t\t\t\t\t\t\t\t\t<span class=\"month\">Oct<\/span>\r\n\t\t\t\t\t\t\t\t\t\t\t\t\t<\/a>\r\n\t\t\t\t\t\t\t\t\t\t\t\t<\/div>\r\n\t\t\t\t\t\t\t\t\t\t\t\t\t\t\t\t\t\t\t\t\t\t\r\n\t\t\t\t\t\t\t\t\t\t\t\t\t\t\t\t\t\t\t\t\t\t\t\t\t\t\t\t<div class=\"content\">\r\n\t\t\t\t\t\t\t\t\t\t\t\t\t\t\t\t\t\t\t\t\t\t\t\t\t\t\t\t\t\t\t\t\t<ul class=\"post-meta\">\r\n\t\t\t\t\t\t\t\t\t\t\t\t\t\t\t\t\t\t\t\t\t\t\t\t\t\t<li class=\"post-author\">\r\n\t\t\t\t\t\t\t\t\t\t\t\t\t\t<i class=\"far fa-user\" aria-hidden=\"true\"><\/i>\t\t\t\t\t\t\t\t\t\t\t\t\t\t<a href=\"https:\/\/www.icasamici.com\/en\/author\/admin-icasamici\/\">Nicola Sorrentino<\/a>\r\n\t\t\t\t\t\t\t\t\t\t\t\t\t<\/li>\r\n\t\t\t\t\t\t\t\t\t\t\t\t\t\r\n\t\t\t\t\t\t\t\t\t\t\t\t\t\r\n\t\t\t\t\t\t\t\t\t\t\t\t\t\t\t\t\t\t\t\t\t\t\t\t\t\t<li class=\"post-date\">\r\n\t\t\t\t\t\t\t\t\t\t\t\t\t\t\t\t\t\t\t\t\t\t\t\t\t\t\t\t<i class=\"far fa-calendar-alt\" aria-hidden=\"true\"><\/i>\t\t\t\t\t\t\t\t\t\t\t\t\t\t<a href=\"https:\/\/www.icasamici.com\/en\/2025\/10\/30\/\">30 October 2025<\/a>\r\n\r\n\t\t\t\t\t\t\t\t\t\t\t\t\t<\/li>\t\t\t\t\t\t\t\t\t\t\r\n\t\t\t\t\t\t\t\t\t\t\t\t\t\r\n\t\t\t\t\t\t\t\t\t\t\t\t\t\t\t\t\t\t\t\t\t\t\t\t\t<\/ul>\r\n\t\t\t\t\t\t\t\t\t\t\t\t\t\t\t\t\t\r\n\t\t\t\t\t\t\t\t\t\t\r\n\t\t\t\t\t\t\t\t\t\t\t\t\t\t\t\t\t\t\t\t\t<h2 class=\"title\"><a href=\"https:\/\/www.icasamici.com\/en\/e-%f0%9d%97%94%f0%9d%97%a5%f0%9d%97%a5%f0%9d%97%9c%f0%9d%97%a9%f0%9d%97%94%f0%9d%97%a7%f0%9d%97%94-%f0%9d%97%9f%f0%9d%97%94-%f0%9d%97%9f%f0%9d%97%98%f0%9d%97%9a%f0%9d%97%9a%f0%9d%97%98%f0%9d%97%a1\/\" title=\"THE LEGEND HAS ARRIVED!\">THE LEGEND HAS ARRIVED!<\/a><\/h2>\r\n\t\t\t\t\t\t\t\t\t\t\r\n\t\t\t\t\t\t\t\t\t\t\t\t\t\t\t\t\t\t\t\t\t\t\t\t\t\t\t\r\n\t\t\t\t\t\t\t\t\t\t\r\n\t\t\t\t\t\t\t\t\t\t\r\n\t\t\t\t\t\t\t\t\t\t\t\t\t\t\t\t\t\t\t\t\t<div class=\"content-post\">Icasamici News \u00c8 \ud835\uddd4\ud835\udde5\ud835\udde5\ud835\udddc\ud835\udde9\ud835\uddd4\ud835\udde7\ud835\uddd4 \ud835\udddf\ud835\uddd4 \ud835\udddf\ud835\uddd8\ud835\uddda\ud835\uddda\ud835\uddd8\ud835\udde1\ud835\uddd7\ud835\uddd4! Nicola Sorrentino Ottobre 30, 2025 MOVIDA x D10S, il bicchiere che celebra il Dio del calcio mondiale e l\u2019anima di Napoli Dopo mesi di&hellip;<\/div>\r\n\t\t\t\t\t\t\t\t\t\t\t\t\t\t\t\t\t\t\t\t\r\n\t\t\t\t\t\t\t\t\t\t\t\t\t\t\t\t\t\t\t\t\t<div class=\"tf-button-container\">\r\n\t\t\t\t\t\t\t\t\t\t\t\t<a href=\"https:\/\/www.icasamici.com\/en\/e-%f0%9d%97%94%f0%9d%97%a5%f0%9d%97%a5%f0%9d%97%9c%f0%9d%97%a9%f0%9d%97%94%f0%9d%97%a7%f0%9d%97%94-%f0%9d%97%9f%f0%9d%97%94-%f0%9d%97%9f%f0%9d%97%98%f0%9d%97%9a%f0%9d%97%9a%f0%9d%97%98%f0%9d%97%a1\/\" class=\"tf-button bt_icon_after\">\r\n\t\t\t\t\t\t\t\t\t\t\t\t\tRead More<i class=\"fas fa-arrow-right\" aria-hidden=\"true\"><\/i> \r\n\t\t\t\t\t\t\t\t\t\t\t\t<\/a>\r\n\t\t\t\t\t\t\t\t\t\t\t<\/div>\r\n\t\t\t\t\t\t\t\t\t\t\t\t\t\t\t\t\r\n\t\t\t\t\t\t\t\t\t<\/div>\r\n\t\t\t\t\t\t\t\t\t\t\t\t\t\t\t\t\r\n\t\t\t\t\t<\/div>\r\n\t\t\t\t<\/div>\r\n\t\t\t\t\t\t\t\t<div class=\"column\">\r\n\t\t\t\t\t<div class=\"entry blog-post\">\r\n\t\t\t\t\t\t\t\t\t\t\t\t\t\t\t\t\t\t\t\t\t\t\t\t\t\t\t<div class=\"featured-post\">\r\n\t\t\t\t\t\t\t\t\t\t\t\t<img decoding=\"async\" src=\"https:\/\/www.icasamici.com\/wp-content\/uploads\/2025\/08\/fondo-brand-1024x576.webp\" alt=\"image\">\t\t\t\t\t\t\t\t\t\t\t\t\t\t\t\t\t\t\t\t\t\t\t\t<a href=\"https:\/\/www.icasamici.com\/en\/icasamici-bricoday-2025\/\" class=\"overlay\">\r\n\t\t\t\t\t\t\t\t\t\t\t\t\t<i class=\"\" aria-hidden=\"true\"><\/i>\t\t\t\t\t\t\t\t\t\t\t\t<\/a>\r\n\t\t\t\t\t\t\t\t\t\t\t\t\t\t\t\t\t\t\t\t\t\r\n\t\t\t\t\t\t\t\t\t\t\t<\/div>\r\n\t\t\t\t\t\t\t\t\t\t\t\t\t\t\t\t\t\t\t\t\t\t\t<div class=\"box-time\">\r\n\t\t\t\t\t\t\t\t\t\t\t\t\t\t\t\t\t\t\t\t\t\t\t\t\t\t<a href=\"https:\/\/www.icasamici.com\/en\/2025\/07\/14\/\">\r\n\t\t\t\t\t\t\t\t\t\t\t\t\t\t<span class=\"day\">14<\/span>\r\n\t\t\t\t\t\t\t\t\t\t\t\t\t\t<span class=\"month\">Jul<\/span>\r\n\t\t\t\t\t\t\t\t\t\t\t\t\t<\/a>\r\n\t\t\t\t\t\t\t\t\t\t\t\t<\/div>\r\n\t\t\t\t\t\t\t\t\t\t\t\t\t\t\t\t\t\t\t\t\t\t\r\n\t\t\t\t\t\t\t\t\t\t\t\t\t\t\t\t\t\t\t\t\t\t\t\t\t\t\t\t<div class=\"content\">\r\n\t\t\t\t\t\t\t\t\t\t\t\t\t\t\t\t\t\t\t\t\t\t\t\t\t\t\t\t\t\t\t\t\t<ul class=\"post-meta\">\r\n\t\t\t\t\t\t\t\t\t\t\t\t\t\t\t\t\t\t\t\t\t\t\t\t\t\t<li class=\"post-author\">\r\n\t\t\t\t\t\t\t\t\t\t\t\t\t\t<i class=\"far fa-user\" aria-hidden=\"true\"><\/i>\t\t\t\t\t\t\t\t\t\t\t\t\t\t<a href=\"https:\/\/www.icasamici.com\/en\/author\/admin-icasamici\/\">Nicola Sorrentino<\/a>\r\n\t\t\t\t\t\t\t\t\t\t\t\t\t<\/li>\r\n\t\t\t\t\t\t\t\t\t\t\t\t\t\r\n\t\t\t\t\t\t\t\t\t\t\t\t\t\r\n\t\t\t\t\t\t\t\t\t\t\t\t\t\t\t\t\t\t\t\t\t\t\t\t\t\t<li class=\"post-date\">\r\n\t\t\t\t\t\t\t\t\t\t\t\t\t\t\t\t\t\t\t\t\t\t\t\t\t\t\t\t<i class=\"far fa-calendar-alt\" aria-hidden=\"true\"><\/i>\t\t\t\t\t\t\t\t\t\t\t\t\t\t<a href=\"https:\/\/www.icasamici.com\/en\/2025\/07\/14\/\">July 14  2025<\/a>\r\n\r\n\t\t\t\t\t\t\t\t\t\t\t\t\t<\/li>\t\t\t\t\t\t\t\t\t\t\r\n\t\t\t\t\t\t\t\t\t\t\t\t\t\r\n\t\t\t\t\t\t\t\t\t\t\t\t\t\t\t\t\t\t\t\t\t\t\t\t\t<\/ul>\r\n\t\t\t\t\t\t\t\t\t\t\t\t\t\t\t\t\t\r\n\t\t\t\t\t\t\t\t\t\t\r\n\t\t\t\t\t\t\t\t\t\t\t\t\t\t\t\t\t\t\t\t\t<h2 class=\"title\"><a href=\"https:\/\/www.icasamici.com\/en\/icasamici-bricoday-2025\/\" title=\"See You at BricoDay 2025!\">See You at BricoDay 2025!<\/a><\/h2>\r\n\t\t\t\t\t\t\t\t\t\t\r\n\t\t\t\t\t\t\t\t\t\t\t\t\t\t\t\t\t\t\t\t\t\t\t\t\t\t\t\r\n\t\t\t\t\t\t\t\t\t\t\r\n\t\t\t\t\t\t\t\t\t\t\r\n\t\t\t\t\t\t\t\t\t\t\t\t\t\t\t\t\t\t\t\t\t<div class=\"content-post\">See You at BricoDay 2025! July 14, 2025, In the heart of innovation and dialogue between manufacturers, distributors, and retailers, Icasamici confirms its presence at BricoDay 2025,...<\/div>\r\n\t\t\t\t\t\t\t\t\t\t\t\t\t\t\t\t\t\t\t\t\r\n\t\t\t\t\t\t\t\t\t\t\t\t\t\t\t\t\t\t\t\t\t<div class=\"tf-button-container\">\r\n\t\t\t\t\t\t\t\t\t\t\t\t<a href=\"https:\/\/www.icasamici.com\/en\/icasamici-bricoday-2025\/\" class=\"tf-button bt_icon_after\">\r\n\t\t\t\t\t\t\t\t\t\t\t\t\tRead More<i class=\"fas fa-arrow-right\" aria-hidden=\"true\"><\/i> \r\n\t\t\t\t\t\t\t\t\t\t\t\t<\/a>\r\n\t\t\t\t\t\t\t\t\t\t\t<\/div>\r\n\t\t\t\t\t\t\t\t\t\t\t\t\t\t\t\t\r\n\t\t\t\t\t\t\t\t\t<\/div>\r\n\t\t\t\t\t\t\t\t\t\t\t\t\t\t\t\t\r\n\t\t\t\t\t<\/div>\r\n\t\t\t\t<\/div>\r\n\t\t\t\t\t\t\t\t\t\t\t<\/div>\r\n\t\t\t\t\r\n\t\t\t\t\t\t<nav class=\"navigation navigation-numeric-link\" role=\"navigation\">\r\n\t\t\t\t<div class=\"pagination loop-pagination left\">\r\n\t\t\t\t\t\t\t\t<\/div>\r\n\t\t\t<\/nav>\r\n\t\t\t\t\t<\/div>\r\n\r\n\t\t\t\t\t\t<\/div>\n\t\t\t\t<\/div>\n\t\t\t\t\t<\/div>\n\t\t<\/div>\n\t\t\t\t\t<\/div>\n\t\t<\/section>\n\t\t\t\t\t<\/div>\n\t\t<\/div>\n\t\t\t\t\t<\/div>\n\t\t<\/section>\n\t\t\t\t<\/div>","protected":false},"excerpt":{"rendered":"<p>Icasamici News Aggiornamenti &amp; Ispirazioni Le nostre novit\u00e0, eventi e consigli In questa sezione troverai aggiornamenti sulle fiere, nuovi prodotti, consigli pratici e tutte le novit\u00e0 dal mondo ICASAMICI. Un punto di incontro tra innovazione, sostenibilit\u00e0 e quotidianit\u00e0. 30 Ott Admin Admin 30 Ottobre 2025 \u00c8 \ud835\uddd4\ud835\udde5\ud835\udde5\ud835\udddc\ud835\udde9\ud835\uddd4\ud835\udde7\ud835\uddd4 \ud835\udddf\ud835\uddd4 \ud835\udddf\ud835\uddd8\ud835\uddda\ud835\uddda\ud835\uddd8\ud835\udde1\ud835\uddd7\ud835\uddd4! \u26bd\ud83d\udd25 Icasamici News \u00c8 \ud835\uddd4\ud835\udde5\ud835\udde5\ud835\udddc\ud835\udde9\ud835\uddd4\ud835\udde7\ud835\uddd4 \ud835\udddf\ud835\uddd4 [&hellip;]<\/p>","protected":false},"author":2,"featured_media":0,"parent":0,"menu_order":0,"comment_status":"closed","ping_status":"closed","template":"","meta":{"footnotes":""},"class_list":["post-917","page","type-page","status-publish","hentry"],"_links":{"self":[{"href":"https:\/\/www.icasamici.com\/en\/wp-json\/wp\/v2\/pages\/917","targetHints":{"allow":["GET"]}}],"collection":[{"href":"https:\/\/www.icasamici.com\/en\/wp-json\/wp\/v2\/pages"}],"about":[{"href":"https:\/\/www.icasamici.com\/en\/wp-json\/wp\/v2\/types\/page"}],"author":[{"embeddable":true,"href":"https:\/\/www.icasamici.com\/en\/wp-json\/wp\/v2\/users\/2"}],"replies":[{"embeddable":true,"href":"https:\/\/www.icasamici.com\/en\/wp-json\/wp\/v2\/comments?post=917"}],"version-history":[{"count":17,"href":"https:\/\/www.icasamici.com\/en\/wp-json\/wp\/v2\/pages\/917\/revisions"}],"predecessor-version":[{"id":1446,"href":"https:\/\/www.icasamici.com\/en\/wp-json\/wp\/v2\/pages\/917\/revisions\/1446"}],"wp:attachment":[{"href":"https:\/\/www.icasamici.com\/en\/wp-json\/wp\/v2\/media?parent=917"}],"curies":[{"name":"wp","href":"https:\/\/api.w.org\/{rel}","templated":true}]}}